{"id":34,"date":"2023-02-05T09:40:58","date_gmt":"2023-02-05T09:40:58","guid":{"rendered":"https:\/\/montage-fs.de\/?page_id=34"},"modified":"2023-02-05T11:03:27","modified_gmt":"2023-02-05T11:03:27","slug":"ueber-uns","status":"publish","type":"page","link":"https:\/\/montage-fs.de\/?page_id=34","title":{"rendered":"\u00dcber uns"},"content":{"rendered":"\n<p>Tobias F\u00e4rber f\u00fchrte bis Januar 2013 eine Einzelfirma im Nebenerwerb.<\/p>\n\n\n\n<p>Kai Staiger und Tobias F\u00e4rber haben im Januar 2013 eine Gesellschaft b\u00fcrgerlichen Rechts gegr\u00fcndet und sich damit gemeinsam selbstst\u00e4ndig gemacht.<\/p>\n\n\n\n<p>Wir bieten privaten wie auch gewerblichen Kunden s\u00e4mtliche Leistungen im Bereich Trockenbau und Montage im Bereich Hochbau uns Inneausbau an.<\/p>\n\n\n\n<p>Unser Hauptaugenmerk liegen im Wesentlichen im Innenausbau.<\/p>\n\n\n\n<p>Um etwas Abwechslung ins Portfolio zu bringen bieten wir haups\u00e4chlich in der sch\u00f6nen Jahreszeit auch Tatigkeiten auch im Au\u00dfenbereich an.<\/p>\n","protected":false},"excerpt":{"rendered":"<p>Tobias F\u00e4rber f\u00fchrte bis Januar 2013 eine Einzelfirma im Nebenerwerb. Kai Staiger und Tobias F\u00e4rber haben im Januar 2013 eine Gesellschaft b\u00fcrgerlichen Rechts gegr\u00fcndet und sich damit gemeinsam selbstst\u00e4ndig gemacht. Wir bieten privaten wie auch gewerblichen Kunden s\u00e4mtliche Leistungen im Bereich Trockenbau und Montage im Bereich Hochbau uns Inneausbau an. Unser Hauptaugenmerk liegen im Wesentlichen &hellip; <\/p>\n<p class=\"link-more\"><a href=\"https:\/\/montage-fs.de\/?page_id=34\" class=\"more-link\"><span class=\"screen-reader-text\">\u201e\u00dcber uns\u201c <\/span>weiterlesen<\/a><\/p>\n","protected":false},"author":1,"featured_media":16,"parent":0,"menu_order":1,"comment_status":"closed","ping_status":"closed","template":"","meta":{"footnotes":""},"class_list":["post-34","page","type-page","status-publish","has-post-thumbnail","hentry"],"_links":{"self":[{"href":"https:\/\/montage-fs.de\/index.php?rest_route=\/wp\/v2\/pages\/34","targetHints":{"allow":["GET"]}}],"collection":[{"href":"https:\/\/montage-fs.de\/index.php?rest_route=\/wp\/v2\/pages"}],"about":[{"href":"https:\/\/montage-fs.de\/index.php?rest_route=\/wp\/v2\/types\/page"}],"author":[{"embeddable":true,"href":"https:\/\/montage-fs.de\/index.php?rest_route=\/wp\/v2\/users\/1"}],"replies":[{"embeddable":true,"href":"https:\/\/montage-fs.de\/index.php?rest_route=%2Fwp%2Fv2%2Fcomments&post=34"}],"version-history":[{"count":4,"href":"https:\/\/montage-fs.de\/index.php?rest_route=\/wp\/v2\/pages\/34\/revisions"}],"predecessor-version":[{"id":124,"href":"https:\/\/montage-fs.de\/index.php?rest_route=\/wp\/v2\/pages\/34\/revisions\/124"}],"wp:featuredmedia":[{"embeddable":true,"href":"https:\/\/montage-fs.de\/index.php?rest_route=\/wp\/v2\/media\/16"}],"wp:attachment":[{"href":"https:\/\/montage-fs.de\/index.php?rest_route=%2Fwp%2Fv2%2Fmedia&parent=34"}],"curies":[{"name":"wp","href":"https:\/\/api.w.org\/{rel}","templated":true}]}}